{"id":7653,"date":"2021-02-05T20:46:35","date_gmt":"2021-02-05T20:46:35","guid":{"rendered":"http:\/\/sma.co.ve\/ven\/?page_id=7653"},"modified":"2022-08-29T19:44:44","modified_gmt":"2022-08-29T19:44:44","slug":"lic-jose-antonio-santamaria","status":"publish","type":"page","link":"https:\/\/sma.co.ve\/ven\/lic-jose-antonio-santamaria\/","title":{"rendered":"Lic. Jose Antonio Santamaria"},"content":{"rendered":"<p>[et_pb_section fb_built=\u00bb1&#8243; admin_label=\u00bbsection\u00bb module_id=\u00bbsubheaderWrap\u00bb _builder_version=\u00bb3.4&#8243; background_color=\u00bb#ffffff\u00bb background_image=\u00bbhttps:\/\/sma.co.ve\/ven\/wp-content\/uploads\/2019\/04\/panama.jpg\u00bb custom_css_main_element=\u00bb.et_pb_title_container h1 {|| font-size: 26px !important;|| line-height: 1em;|| background-color: #384977;|| padding: 20px;|| color: #fff !important;||}\u00bb][et_pb_row parallax_method_1=\u00bboff\u00bb admin_label=\u00bbrow\u00bb _builder_version=\u00bb3.4&#8243; background_size=\u00bbinitial\u00bb background_position=\u00bbtop_left\u00bb background_repeat=\u00bbrepeat\u00bb][et_pb_column type=\u00bb4_4&#8243; _builder_version=\u00bb3.0.47&#8243; parallax=\u00bboff\u00bb parallax_method=\u00bboff\u00bb][et_pb_post_title meta=\u00bboff\u00bb featured_image=\u00bboff\u00bb _builder_version=\u00bb3.0.47&#8243; parallax=\u00bbon\u00bb use_border_color=\u00bboff\u00bb border_color=\u00bb#ffffff\u00bb border_width=\u00bb1px\u00bb border_style=\u00bbsolid\u00bb parallax_effect=\u00bbon\u00bb][\/et_pb_post_title][\/et_pb_column][\/et_pb_row][\/et_pb_section][et_pb_section fb_built=\u00bb1&#8243; _builder_version=\u00bb3.0.47&#8243; background_color=\u00bb#ffffff\u00bb transparent_background=\u00bboff\u00bb][et_pb_row parallax_method_1=\u00bboff\u00bb parallax_method_2=\u00bboff\u00bb parallax_method_3=\u00bboff\u00bb _builder_version=\u00bb3.0.47&#8243; background_size=\u00bbinitial\u00bb background_position=\u00bbtop_left\u00bb background_repeat=\u00bbrepeat\u00bb][et_pb_column type=\u00bb1_3&#8243; _builder_version=\u00bb3.0.47&#8243; parallax=\u00bboff\u00bb parallax_method=\u00bboff\u00bb][et_pb_text module_class=\u00bbassociateinfoWrap\u00bb _builder_version=\u00bb3.4&#8243; background_size=\u00bbinitial\u00bb background_position=\u00bbtop_left\u00bb background_repeat=\u00bbrepeat\u00bb use_border_color=\u00bboff\u00bb] <img loading=\"lazy\" decoding=\"async\" class=\"wp-image-593 size-medium alignleft\" style=\"margin-bottom: 20px; border-radius: 25px; border: 3px solid #EC7E32;\" src=\"https:\/\/sma.co.ve\/ven\/wp-content\/uploads\/2021\/02\/team-4.jpg\" alt=\"\" width=\"300\" height=\"300\" \/> [\/et_pb_text][et_pb_text module_class=\u00bbassociateinfoWrap\u00bb _builder_version=\u00bb3.4&#8243; text_font_size=\u00bb19px\u00bb background_size=\u00bbinitial\u00bb background_position=\u00bbtop_left\u00bb background_repeat=\u00bbrepeat\u00bb use_border_color=\u00bboff\u00bb]<\/p>\n<p><span style=\"color: #333333;\">SMA Consultores<\/span> <span style=\"color: #333333;\"> Tel\u00e9fonos<\/span><\/p>\n<ul>\n<li><span style=\"color: #333333;\">(+507) 260-9969<\/span><\/li>\n<li><span style=\"color: #333333;\">(+507) 3995508<\/span><\/li>\n<li><span style=\"color: #333333;\">(+507) 6292-5286<\/span><\/li>\n<\/ul>\n<p><a href=\"mailto:jose.santamaria@smalatam.com\"><strong>jose.santamaria@smalatam.com<\/strong><\/a> <strong>Funci\u00f3n y especialidad<\/strong><\/p>\n<ul>\n<li><span color=\"#333333\">L\u00edder en consultor\u00eda\u00a0<\/span><\/li>\n<\/ul>\n<p>[\/et_pb_text][\/et_pb_column][et_pb_column type=\u00bb2_3&#8243; _builder_version=\u00bb3.0.47&#8243; parallax=\u00bboff\u00bb parallax_method=\u00bboff\u00bb][et_pb_text _builder_version=\u00bb3.4&#8243; text_font_size=\u00bb23px\u00bb background_size=\u00bbinitial\u00bb background_position=\u00bbtop_left\u00bb background_repeat=\u00bbrepeat\u00bb use_border_color=\u00bboff\u00bb]<\/p>\n<p class=\"p1\" style=\"text-align: justify;\"><span class=\"s1\" style=\"color: #333333;\"><strong>Experiencia Profesional <\/strong><\/span><\/p>\n<p style=\"text-align: justify;\">Licenciado en Contadur\u00eda P\u00fablica egresado de la Universidad Santa Mar\u00eda en 1998, acumula m\u00e1s de 16 a\u00f1os de experiencia en la pr\u00e1ctica de auditor\u00edas externas y posiciones gerenciales en el sector privado en Panam\u00e1 y Venezuela, auditorias de compras (Due Diligence) y trabajos especiales en las llamadas \u201cBig 4\u201d, principalmente bajo normativa contable internacional (IFRS) a clientes nacionales y multinacionales de diversos sectores, tales como: Servicios, Construcci\u00f3n, Energ\u00eda y petr\u00f3leo, servicios financieros, Agroindustriales, entre otros.<\/p>\n<p style=\"text-align: justify;\">Posee estudios de Maestr\u00eda en Administraci\u00f3n de Negocios en la Universidad Interamericana de Panam\u00e1 (UIP); As\u00ed como, Diplomados en Tributaci\u00f3n y Normas Internacionales de la Universidad Especializada del Contador P\u00fablico Autorizado de Panam\u00e1. Asimismo cuenta con estudios de Especializaci\u00f3n en Organizaci\u00f3n de Empresas en la Universidad Central de Venezuela y particip\u00f3 en el VIII Programa de Emprendedores del Instituto de Estudios Superiores de Administraci\u00f3n (IESA) en Caracas-Venezuela. Jos\u00e9 Antonio cuenta con conocimientos en Finanzas Corporativas y la aplicaci\u00f3n de SOX 404 series y modelo COSO (Committee of Sponsoring Organizations of the Treadway Commission).<\/p>\n<p>[\/et_pb_text][\/et_pb_column][\/et_pb_row][\/et_pb_section]<\/p>\n","protected":false},"excerpt":{"rendered":"<p>[et_pb_section fb_built=\u00bb1&#8243; admin_label=\u00bbsection\u00bb module_id=\u00bbsubheaderWrap\u00bb _builder_version=\u00bb3.4&#8243; background_color=\u00bb#ffffff\u00bb background_image=\u00bbhttps:\/\/sma.co.ve\/ven\/wp-content\/uploads\/2019\/04\/panama.jpg\u00bb custom_css_main_element=\u00bb.et_pb_title_container h1 {|| font-size: 26px !important;|| line-height: 1em;|| background-color: #384977;|| padding: 20px;|| color: #fff !important;||}\u00bb][et_pb_row parallax_method_1=\u00bboff\u00bb admin_label=\u00bbrow\u00bb _builder_version=\u00bb3.4&#8243; background_size=\u00bbinitial\u00bb background_position=\u00bbtop_left\u00bb background_repeat=\u00bbrepeat\u00bb][et_pb_column type=\u00bb4_4&#8243; _builder_version=\u00bb3.0.47&#8243; parallax=\u00bboff\u00bb parallax_method=\u00bboff\u00bb][et_pb_post_title meta=\u00bboff\u00bb featured_image=\u00bboff\u00bb _builder_version=\u00bb3.0.47&#8243; parallax=\u00bbon\u00bb use_border_color=\u00bboff\u00bb border_color=\u00bb#ffffff\u00bb border_width=\u00bb1px\u00bb border_style=\u00bbsolid\u00bb parallax_effect=\u00bbon\u00bb][\/et_pb_post_title][\/et_pb_column][\/et_pb_row][\/et_pb_section][et_pb_section fb_built=\u00bb1&#8243; _builder_version=\u00bb3.0.47&#8243; background_color=\u00bb#ffffff\u00bb transparent_background=\u00bboff\u00bb][et_pb_row parallax_method_1=\u00bboff\u00bb parallax_method_2=\u00bboff\u00bb parallax_method_3=\u00bboff\u00bb _builder_version=\u00bb3.0.47&#8243; background_size=\u00bbinitial\u00bb background_position=\u00bbtop_left\u00bb background_repeat=\u00bbrepeat\u00bb][et_pb_column type=\u00bb1_3&#8243; _builder_version=\u00bb3.0.47&#8243; parallax=\u00bboff\u00bb [&hellip;]<\/p>\n","protected":false},"author":1,"featured_media":0,"parent":0,"menu_order":0,"comment_status":"closed","ping_status":"closed","template":"","meta":{"footnotes":""},"class_list":["post-7653","page","type-page","status-publish","hentry"],"_links":{"self":[{"href":"https:\/\/sma.co.ve\/ven\/wp-json\/wp\/v2\/pages\/7653","targetHints":{"allow":["GET"]}}],"collection":[{"href":"https:\/\/sma.co.ve\/ven\/wp-json\/wp\/v2\/pages"}],"about":[{"href":"https:\/\/sma.co.ve\/ven\/wp-json\/wp\/v2\/types\/page"}],"author":[{"embeddable":true,"href":"https:\/\/sma.co.ve\/ven\/wp-json\/wp\/v2\/users\/1"}],"replies":[{"embeddable":true,"href":"https:\/\/sma.co.ve\/ven\/wp-json\/wp\/v2\/comments?post=7653"}],"version-history":[{"count":4,"href":"https:\/\/sma.co.ve\/ven\/wp-json\/wp\/v2\/pages\/7653\/revisions"}],"predecessor-version":[{"id":7702,"href":"https:\/\/sma.co.ve\/ven\/wp-json\/wp\/v2\/pages\/7653\/revisions\/7702"}],"wp:attachment":[{"href":"https:\/\/sma.co.ve\/ven\/wp-json\/wp\/v2\/media?parent=7653"}],"curies":[{"name":"wp","href":"https:\/\/api.w.org\/{rel}","templated":true}]}}