{"id":7493,"date":"2020-03-23T12:51:00","date_gmt":"2020-03-23T12:51:00","guid":{"rendered":"http:\/\/sma.co.ve\/ven\/?page_id=7493"},"modified":"2020-06-04T03:08:42","modified_gmt":"2020-06-04T03:08:42","slug":"servicios-legales","status":"publish","type":"page","link":"https:\/\/sma.co.ve\/ven\/servicios-legales\/","title":{"rendered":"Servicios Legales"},"content":{"rendered":"<p>[et_pb_section fb_built=\u00bb1&#8243; admin_label=\u00bbsection\u00bb module_id=\u00bbsubheaderWrap\u00bb _builder_version=\u00bb3.4&#8243; background_color=\u00bb#ffffff\u00bb background_image=\u00bbhttps:\/\/sma.co.ve\/ven\/wp-content\/uploads\/2019\/04\/panama.jpg\u00bb custom_css_main_element=\u00bb.et_pb_title_container h1 {|| font-size: 26px !important;|| line-height: 1em;|| background-color: #384977;|| padding: 20px;|| color: #fff !important;||}\u00bb][et_pb_row parallax_method_1=\u00bboff\u00bb admin_label=\u00bbrow\u00bb _builder_version=\u00bb3.4&#8243; background_size=\u00bbinitial\u00bb background_position=\u00bbtop_left\u00bb background_repeat=\u00bbrepeat\u00bb][et_pb_column type=\u00bb4_4&#8243; _builder_version=\u00bb3.0.47&#8243; parallax=\u00bboff\u00bb parallax_method=\u00bboff\u00bb][et_pb_post_title meta=\u00bboff\u00bb featured_image=\u00bboff\u00bb _builder_version=\u00bb3.4&#8243; parallax=\u00bbon\u00bb use_border_color=\u00bboff\u00bb][\/et_pb_post_title][\/et_pb_column][\/et_pb_row][\/et_pb_section][et_pb_section fb_built=\u00bb1&#8243; _builder_version=\u00bb3.0.47&#8243; background_color=\u00bb#ffffff\u00bb transparent_background=\u00bboff\u00bb][et_pb_row parallax_method_1=\u00bboff\u00bb parallax_method_2=\u00bboff\u00bb parallax_method_3=\u00bboff\u00bb _builder_version=\u00bb3.0.47&#8243; background_size=\u00bbinitial\u00bb background_position=\u00bbtop_left\u00bb background_repeat=\u00bbrepeat\u00bb][et_pb_column type=\u00bb4_4&#8243; _builder_version=\u00bb3.0.47&#8243; parallax=\u00bboff\u00bb parallax_method=\u00bboff\u00bb][et_pb_text _builder_version=\u00bb3.4&#8243; background_size=\u00bbinitial\u00bb background_position=\u00bbtop_left\u00bb background_repeat=\u00bbrepeat\u00bb use_border_color=\u00bboff\u00bb]<\/p>\n<p style=\"text-align: justify;\">En el \u00e1mbito legal, contamos con servicios en las \u00e1reas de derecho civil y mercantil, as\u00ed como experticia en una gran variedad de documentos legales.<\/p>\n<p style=\"text-align: justify;\">Entre nuestros servicios legales se encuentras:<\/p>\n<p style=\"text-align: justify;\">CIVIL:<\/p>\n<ul>\n<li><span>Divorcio<\/span><\/li>\n<li><span>Prescripci\u00f3n Adquisitiva<\/span><\/li>\n<li><span>Resoluci\u00f3n de Contratos<\/span><\/li>\n<li><span>Partici\u00f3n de Bienes<\/span><\/li>\n<li><span>Da\u00f1os y Perjuicios<\/span><\/li>\n<li><span>Recursos de Apelaci\u00f3n<\/span><\/li>\n<li><span>Recurso de Casaci\u00f3n<\/span><\/li>\n<\/ul>\n<p>MERCANTIL<span>: <\/span><\/p>\n<ul>\n<li><span>Compa\u00f1\u00edas an\u00f3nimas <\/span><\/li>\n<li><span>Constituci\u00f3n de Compa\u00f1\u00edas <\/span><\/li>\n<li><span>Actas de Asambleas <\/span><\/li>\n<\/ul>\n<p>DOCUMENTOS LEGALES:<\/p>\n<ul>\n<li><span>Asambleas Mercantiles<\/span><\/li>\n<li><span>Declaraci\u00f3n Sucesoral<\/span><\/li>\n<li><span>Carta de Solter\u00eda<\/span><\/li>\n<li><span>Capitulaciones Matrimoniales<\/span><\/li>\n<li><span>Documento de CompraVenta<\/span><\/li>\n<li><span>Opci\u00f3n de CompraVenta<\/span><\/li>\n<li><span>Tradici\u00f3n Legal<\/span><\/li>\n<li><span>Certificaci\u00f3n de Grav\u00e1menes<\/span><\/li>\n<li><span>Traspaso de Veh\u00edculos<\/span><\/li>\n<li><span>T\u00edtulos Supletorios<\/span><\/li>\n<li><span>Contratos de Arrendamiento<\/span><\/li>\n<li><span>Registros Mercantiles<\/span><\/li>\n<li><span>Cooperativas<\/span><\/li>\n<li><span>Asambleas de Compa\u00f1\u00edas<\/span><\/li>\n<li><span>Documento de Constituci\u00f3n de Hipotecas<\/span><\/li>\n<li><span>Contratos de Pr\u00e9stamos.<\/span><span><\/span><\/li>\n<\/ul>\n<p><span>C\u00c1LCULO LABORAL<\/span><\/p>\n<ul>\n<li><span>C\u00e1lculo de liquidaciones<\/span><\/li>\n<li><span>Prestaciones sociales<\/span><\/li>\n<li><span>Vacaciones<\/span><\/li>\n<li><span>Utilidades <\/span><\/li>\n<li><span>Horas extras <\/span><\/li>\n<li><span>D\u00edas feriados trabajados <\/span><\/li>\n<li><span>Indemnizaciones por despido injustificado o retiro justificado <\/span><\/li>\n<li><span>Intereses sobre prestaciones sociales e intereses de mora y cualquier otro c\u00e1lculo resultante de la relaci\u00f3n de trabajo o en el momento de su culminaci\u00f3n.<\/span><\/li>\n<\/ul>\n<p style=\"padding-left: 30px;\"><span><\/span><\/p>\n<p>CONSULTAS LABORALES<\/p>\n<p>Si eres: un emprendedor, tienes un negocio o eres l\u00edder de una empresa, requieres de conocimientos b\u00e1sicos en derecho laboral, recursos humanos.En SMA Consultores contamos con el equipo de profesionales y especialistas para asesorarte.<\/p>\n<p>&nbsp;<\/p>\n<p>ASESOR\u00cdA CONT\u00cdNUA<\/p>\n<p>Consultas ilimitadas v\u00eda Whatsapp y respuestas en forma verbal mediante notas de voz o escritas. Incluye adem\u00e1s informes legales por escrito visados por abogado.<\/p>\n<p style=\"padding-left: 30px;\">[\/et_pb_text][\/et_pb_column][\/et_pb_row][et_pb_row parallax_method_1=\u00bboff\u00bb parallax_method_2=\u00bboff\u00bb parallax_method_3=\u00bboff\u00bb _builder_version=\u00bb3.0.47&#8243; background_size=\u00bbinitial\u00bb background_position=\u00bbtop_left\u00bb background_repeat=\u00bbrepeat\u00bb][et_pb_column type=\u00bb4_4&#8243; _builder_version=\u00bb3.0.47&#8243; parallax=\u00bboff\u00bb parallax_method=\u00bboff\u00bb][et_pb_text _builder_version=\u00bb3.4&#8243; background_size=\u00bbinitial\u00bb background_position=\u00bbtop_left\u00bb background_repeat=\u00bbrepeat\u00bb use_border_color=\u00bboff\u00bb]<\/p>\n<p style=\"text-align: justify;\">En el \u00e1mbito legal, contamos con servicios en las \u00e1reas de derecho civil y mercantil, as\u00ed como experticia en una gran variedad de documentos legales.<\/p>\n<p style=\"text-align: justify;\">Entre nuestros servicios legales se encuentras:<\/p>\n<p style=\"text-align: justify;\">CIVIL:<\/p>\n<ul>\n<li><span>Divorcio<\/span><\/li>\n<li><span>Prescripci\u00f3n Adquisitiva<\/span><\/li>\n<li><span>Resoluci\u00f3n de Contratos<\/span><\/li>\n<li><span>Partici\u00f3n de Bienes<\/span><\/li>\n<li><span>Da\u00f1os y Perjuicios<\/span><\/li>\n<li><span>Recursos de Apelaci\u00f3n<\/span><\/li>\n<li><span>Recurso de Casaci\u00f3n<\/span><\/li>\n<\/ul>\n<p>MERCANTIL<span>: <\/span><\/p>\n<ul>\n<li><span>Compa\u00f1\u00edas an\u00f3nimas <\/span><\/li>\n<li><span>Constituci\u00f3n de Compa\u00f1\u00edas <\/span><\/li>\n<li><span>Actas de Asambleas <\/span><\/li>\n<\/ul>\n<p>DOCUMENTOS LEGALES:<\/p>\n<ul>\n<li><span>Asambleas Mercantiles<\/span><\/li>\n<li><span>Declaraci\u00f3n Sucesoral<\/span><\/li>\n<li><span>Carta de Solter\u00eda<\/span><\/li>\n<li><span>Capitulaciones Matrimoniales<\/span><\/li>\n<li><span>Documento de CompraVenta<\/span><\/li>\n<li><span>Opci\u00f3n de CompraVenta<\/span><\/li>\n<li><span>Tradici\u00f3n Legal<\/span><\/li>\n<li><span>Certificaci\u00f3n de Grav\u00e1menes<\/span><\/li>\n<li><span>Traspaso de Veh\u00edculos<\/span><\/li>\n<li><span>T\u00edtulos Supletorios<\/span><\/li>\n<li><span>Contratos de Arrendamiento<\/span><\/li>\n<li><span>Registros Mercantiles<\/span><\/li>\n<li><span>Cooperativas<\/span><\/li>\n<li><span>Asambleas de Compa\u00f1\u00edas<\/span><\/li>\n<li><span>Documento de Constituci\u00f3n de Hipotecas<\/span><\/li>\n<li><span>Contratos de Pr\u00e9stamos.<\/span><span><\/span><\/li>\n<\/ul>\n<p><span><\/span><\/p>\n<p><span>C\u00c1LCULO LABORAL<\/span><\/p>\n<p style=\"padding-left: 30px;\"><span><br \/>C\u00e1lculo de liquidaciones, prestaciones sociales, vacaciones, utilidades, horas extras, d\u00edas feriados trabajados, indemnizaciones por despido injustificado o retiro justificado, Intereses sobre prestaciones sociales e intereses de mora y cualquier otro c\u00e1lculo resultante de la relaci\u00f3n de trabajo o en el momento de su culminaci\u00f3n.<\/span><\/p>\n<p style=\"padding-left: 30px;\"><span><\/span><\/p>\n<p>CONSULTAS LABORALES<\/p>\n<p style=\"padding-left: 30px;\">Si eres un emprendedor, tienes un negocio o eres l\u00edder de una empresa, requieres de conocimientos b\u00e1sicos en derecho laboral, recursos humanos. En SMA Consultores contamos con el equipo de profesionales y especialistas para asesorarte.<\/p>\n<p>&nbsp;<\/p>\n<p>ASESOR\u00cdA CONT\u00cdNUA<\/p>\n<p style=\"padding-left: 30px;\">Consultas ilimitadas v\u00eda Whatsapp y respuestas en forma verbal mediante notas de voz o escritas. Incluye adem\u00e1s informes legales por escrito visados por abogado.<\/p>\n<p style=\"padding-left: 30px;\">\n<p><span style=\"font-size: large;\">REPRESENTACION JUDICIAL EN LO CONTENCIOSO ADMINISTRATIVO<\/span>:<\/p>\n<ul>\n<li>Casos Funcionariales<\/li>\n<li>Demandas contra el estado<\/li>\n<li>Casos de expropiaci\u00f3n<\/li>\n<li>Amparos.\u00a0<\/li>\n<\/ul>\n<p><span>REPRESENTACION EXTRAJUDICIAL EN SEDE ADMINISTRATIVA<\/span><\/p>\n<ul>\n<li>Procedimientos Funcionariales en sede administrativa<\/li>\n<li>Contratos con el Estado a nivel nacional, estadal o municipal.<\/li>\n<\/ul>\n<p style=\"padding-left: 30px;\">\n<p>[\/et_pb_text][\/et_pb_column][\/et_pb_row][\/et_pb_section]<\/p>\n","protected":false},"excerpt":{"rendered":"<p>[et_pb_section fb_built=\u00bb1&#8243; admin_label=\u00bbsection\u00bb module_id=\u00bbsubheaderWrap\u00bb _builder_version=\u00bb3.4&#8243; background_color=\u00bb#ffffff\u00bb background_image=\u00bbhttps:\/\/sma.co.ve\/ven\/wp-content\/uploads\/2019\/04\/panama.jpg\u00bb custom_css_main_element=\u00bb.et_pb_title_container h1 {|| font-size: 26px !important;|| line-height: 1em;|| background-color: #384977;|| padding: 20px;|| color: #fff !important;||}\u00bb][et_pb_row parallax_method_1=\u00bboff\u00bb admin_label=\u00bbrow\u00bb _builder_version=\u00bb3.4&#8243; background_size=\u00bbinitial\u00bb background_position=\u00bbtop_left\u00bb background_repeat=\u00bbrepeat\u00bb][et_pb_column type=\u00bb4_4&#8243; _builder_version=\u00bb3.0.47&#8243; parallax=\u00bboff\u00bb parallax_method=\u00bboff\u00bb][et_pb_post_title meta=\u00bboff\u00bb featured_image=\u00bboff\u00bb _builder_version=\u00bb3.4&#8243; parallax=\u00bbon\u00bb use_border_color=\u00bboff\u00bb][\/et_pb_post_title][\/et_pb_column][\/et_pb_row][\/et_pb_section][et_pb_section fb_built=\u00bb1&#8243; _builder_version=\u00bb3.0.47&#8243; background_color=\u00bb#ffffff\u00bb transparent_background=\u00bboff\u00bb][et_pb_row parallax_method_1=\u00bboff\u00bb parallax_method_2=\u00bboff\u00bb parallax_method_3=\u00bboff\u00bb _builder_version=\u00bb3.0.47&#8243; background_size=\u00bbinitial\u00bb background_position=\u00bbtop_left\u00bb background_repeat=\u00bbrepeat\u00bb][et_pb_column type=\u00bb4_4&#8243; _builder_version=\u00bb3.0.47&#8243; parallax=\u00bboff\u00bb parallax_method=\u00bboff\u00bb][et_pb_text _builder_version=\u00bb3.4&#8243; background_size=\u00bbinitial\u00bb background_position=\u00bbtop_left\u00bb [&hellip;]<\/p>\n","protected":false},"author":1,"featured_media":0,"parent":0,"menu_order":0,"comment_status":"closed","ping_status":"closed","template":"","meta":{"footnotes":""},"class_list":["post-7493","page","type-page","status-publish","hentry"],"_links":{"self":[{"href":"https:\/\/sma.co.ve\/ven\/wp-json\/wp\/v2\/pages\/7493","targetHints":{"allow":["GET"]}}],"collection":[{"href":"https:\/\/sma.co.ve\/ven\/wp-json\/wp\/v2\/pages"}],"about":[{"href":"https:\/\/sma.co.ve\/ven\/wp-json\/wp\/v2\/types\/page"}],"author":[{"embeddable":true,"href":"https:\/\/sma.co.ve\/ven\/wp-json\/wp\/v2\/users\/1"}],"replies":[{"embeddable":true,"href":"https:\/\/sma.co.ve\/ven\/wp-json\/wp\/v2\/comments?post=7493"}],"version-history":[{"count":8,"href":"https:\/\/sma.co.ve\/ven\/wp-json\/wp\/v2\/pages\/7493\/revisions"}],"predecessor-version":[{"id":7590,"href":"https:\/\/sma.co.ve\/ven\/wp-json\/wp\/v2\/pages\/7493\/revisions\/7590"}],"wp:attachment":[{"href":"https:\/\/sma.co.ve\/ven\/wp-json\/wp\/v2\/media?parent=7493"}],"curies":[{"name":"wp","href":"https:\/\/api.w.org\/{rel}","templated":true}]}}