{"id":7452,"date":"2019-05-08T10:33:39","date_gmt":"2019-05-08T10:33:39","guid":{"rendered":"http:\/\/sma.co.ve\/ven\/?page_id=7452"},"modified":"2019-05-17T22:40:39","modified_gmt":"2019-05-17T22:40:39","slug":"enlaces-de-interes","status":"publish","type":"page","link":"https:\/\/sma.co.ve\/ven\/enlaces-de-interes\/","title":{"rendered":"Enlaces de Interes"},"content":{"rendered":"<p>[et_pb_section fb_built=\u00bb1&#8243; admin_label=\u00bbsection\u00bb module_id=\u00bbsubheaderWrap\u00bb _builder_version=\u00bb3.4&#8243; background_color=\u00bb#ffffff\u00bb background_image=\u00bbhttps:\/\/sma.co.ve\/ven\/wp-content\/uploads\/2019\/04\/panama.jpg\u00bb custom_css_main_element=\u00bb.et_pb_title_container h1 {|| font-size: 26px !important;|| line-height: 1em;|| background-color: #384977;|| padding: 20px;|| color: #fff !important;||}\u00bb][et_pb_row parallax_method_1=\u00bboff\u00bb admin_label=\u00bbrow\u00bb _builder_version=\u00bb3.4&#8243; background_size=\u00bbinitial\u00bb background_position=\u00bbtop_left\u00bb background_repeat=\u00bbrepeat\u00bb][et_pb_column type=\u00bb4_4&#8243; _builder_version=\u00bb3.0.47&#8243; parallax=\u00bboff\u00bb parallax_method=\u00bboff\u00bb][et_pb_post_title meta=\u00bboff\u00bb featured_image=\u00bboff\u00bb _builder_version=\u00bb3.4&#8243; parallax=\u00bbon\u00bb use_border_color=\u00bboff\u00bb][\/et_pb_post_title][\/et_pb_column][\/et_pb_row][\/et_pb_section][et_pb_section fb_built=\u00bb1&#8243; _builder_version=\u00bb3.0.47&#8243;][et_pb_row _builder_version=\u00bb3.0.47&#8243; background_size=\u00bbinitial\u00bb background_position=\u00bbtop_left\u00bb background_repeat=\u00bbrepeat\u00bb][et_pb_column type=\u00bb4_4&#8243; _builder_version=\u00bb3.0.47&#8243; parallax=\u00bboff\u00bb parallax_method=\u00bbon\u00bb][et_pb_text _builder_version=\u00bb3.4&#8243;]<\/p>\n<h2>Entidades P\u00fablicas y Privadas Involucradas Entidades P\u00fablicas<\/h2>\n<h5><\/h5>\n<h5 style=\"text-align: justify;\"><strong><a href=\"http:\/\/declaraciones.seniat.gob.ve\/portal\/page\/portal\/PORTAL_SENIAT\" target=\"_blank\" rel=\"noopener noreferrer\">SENIAT<\/a>.<\/strong><\/h5>\n<p><strong>\u00a0<\/strong><\/p>\n<h5 style=\"text-align: justify;\"><strong><a href=\"http:\/\/www.cadivi.gob.ve\/\" target=\"_blank\" rel=\"noopener noreferrer\">CADIVI <\/a>.<\/strong><\/h5>\n<p><strong>\u00a0<\/strong><\/p>\n<h5 style=\"text-align: justify;\"><strong><a href=\"http:\/\/www.sudeban.gob.ve\/\" target=\"_blank\" rel=\"noopener noreferrer\">SUDEBAN<\/a>.<\/strong><\/h5>\n<p><strong>\u00a0<\/strong><\/p>\n<h5 style=\"text-align: justify;\"><strong><a href=\"http:\/\/www.bcv.org.ve\/\" target=\"_blank\" rel=\"noopener noreferrer\">Banco Central de Venezuela.<\/a><\/strong><\/h5>\n<h5 style=\"text-align: justify;\"><strong>\u00a0<\/strong><\/h5>\n<h5 style=\"text-align: justify;\"><strong><a href=\"http:\/\/www.tsj.gob.ve\/\" target=\"_blank\" rel=\"noopener noreferrer\">TSJ.<\/a>\u00a0<\/strong><\/h5>\n<p><strong>\u00a0<\/strong><\/p>\n<h5 style=\"text-align: justify;\"><strong><a href=\"https:\/\/rncenlinea.snc.gob.ve\/\" target=\"_blank\" rel=\"noopener noreferrer\" title=\"rncenlinea.snc.gob.ve\/\">Registro Nacional de Contratistas.<\/a><\/strong><\/h5>\n<p><strong>\u00a0<\/strong><\/p>\n<h5 style=\"text-align: justify;\"><strong><a href=\"http:\/\/www.ccpmiranda.org\/\" target=\"_blank\" rel=\"noopener noreferrer\" title=\"www.ccpmiranda.org\">Colegio de Contadores P\u00fablicos del Estado Miranda.<\/a><\/strong><\/h5>\n<p><strong>\u00a0<\/strong><\/p>\n<h5 style=\"text-align: justify;\"><strong><a href=\"http:\/\/www.fccpv.org\/\" target=\"_blank\" title=\"www.fccpv.org\" rel=\"noopener\">Federaci\u00f3n de Colegios de Contadores P\u00fablicos<\/a><\/strong><\/h5>\n<p><strong>\u00a0<\/strong><\/p>\n<h5 style=\"text-align: justify;\"><strong><a href=\"http:\/\/www.oecd.org\/\" target=\"_blank\" title=\"www.oecd.org\" rel=\"noopener\">Organizaci\u00f3n para la Cooperaci\u00f3n y Desarrollo Econ\u00f3mico<\/a><\/strong><\/h5>\n<p><strong>\u00a0<\/strong><\/p>\n<h5><strong><a href=\"http:\/\/www.asobanca.com.ve\/\" target=\"_blank\" title=\"www.asobanca.com.ve\" rel=\"noopener\">Asociaci\u00f3n Bancaria de Venezuela<\/a><\/strong><\/h5>\n<p><strong>\u00a0<\/strong><\/p>\n<h5><strong><a href=\"http:\/\/www.ifa.nl\/\" target=\"_blank\" title=\"www.ifa.nl\" rel=\"noopener\">International Fiscal Association<\/a><\/strong><\/h5>\n<p><strong>\u00a0<\/strong><\/p>\n<h5><strong><a href=\"http:\/\/www.ciat.org\/\" target=\"_blank\" title=\"www.ciat.org\" rel=\"noopener\">Centro Interamericano de Administraciones Tributarias<\/a><\/strong><\/h5>\n<p><strong>\u00a0<\/strong><\/p>\n<h5><strong><a href=\"http:\/\/www.fasb.org\/\" target=\"_blank\" title=\"www.fasb.org\" rel=\"noopener\">Financial Accounting Standards Board<\/a><\/strong><\/h5>\n<p><strong>\u00a0<\/strong><\/p>\n<h5><strong><a href=\"http:\/\/www.ifrs.com\/\" target=\"_blank\" title=\"www.ifrs.com\" rel=\"noopener\">Normas Internacionales de Informaci\u00f3n Financiera<\/a><\/strong><\/h5>\n<p><strong>\u00a0<\/strong><\/p>\n<h5><strong><a href=\"http:\/\/www.theiia.org\/\" target=\"_blank\" title=\"www.theiia.org\" rel=\"noopener\">The Institute of Internal Auditors<\/a><\/strong><\/h5>\n<p><strong>\u00a0<\/strong><\/p>\n<h5><strong><a href=\"http:\/\/www.rae.es\/\" target=\"_blank\" title=\"www.rae.es\" rel=\"noopener\">Diccionario de la Real Academia Espa\u00f1ola<\/a><\/strong><\/h5>\n<p><a href=\"http:\/\/www.oecd.org\/\" target=\"_blank\" title=\"www.oecd.org\" rel=\"noopener\"><\/a><\/p>\n<p>&nbsp;<\/p>\n<p>[\/et_pb_text][\/et_pb_column][\/et_pb_row][\/et_pb_section]<\/p>\n","protected":false},"excerpt":{"rendered":"<p>[et_pb_section fb_built=\u00bb1&#8243; admin_label=\u00bbsection\u00bb module_id=\u00bbsubheaderWrap\u00bb _builder_version=\u00bb3.4&#8243; background_color=\u00bb#ffffff\u00bb background_image=\u00bbhttps:\/\/sma.co.ve\/ven\/wp-content\/uploads\/2019\/04\/panama.jpg\u00bb custom_css_main_element=\u00bb.et_pb_title_container h1 {|| font-size: 26px !important;|| line-height: 1em;|| background-color: #384977;|| padding: 20px;|| color: #fff !important;||}\u00bb][et_pb_row parallax_method_1=\u00bboff\u00bb admin_label=\u00bbrow\u00bb _builder_version=\u00bb3.4&#8243; background_size=\u00bbinitial\u00bb background_position=\u00bbtop_left\u00bb background_repeat=\u00bbrepeat\u00bb][et_pb_column type=\u00bb4_4&#8243; _builder_version=\u00bb3.0.47&#8243; parallax=\u00bboff\u00bb parallax_method=\u00bboff\u00bb][et_pb_post_title meta=\u00bboff\u00bb featured_image=\u00bboff\u00bb _builder_version=\u00bb3.4&#8243; parallax=\u00bbon\u00bb use_border_color=\u00bboff\u00bb][\/et_pb_post_title][\/et_pb_column][\/et_pb_row][\/et_pb_section][et_pb_section fb_built=\u00bb1&#8243; _builder_version=\u00bb3.0.47&#8243;][et_pb_row _builder_version=\u00bb3.0.47&#8243; background_size=\u00bbinitial\u00bb background_position=\u00bbtop_left\u00bb background_repeat=\u00bbrepeat\u00bb][et_pb_column type=\u00bb4_4&#8243; _builder_version=\u00bb3.0.47&#8243; parallax=\u00bboff\u00bb parallax_method=\u00bbon\u00bb][et_pb_text _builder_version=\u00bb3.4&#8243;] Entidades P\u00fablicas y Privadas Involucradas Entidades P\u00fablicas [&hellip;]<\/p>\n","protected":false},"author":1,"featured_media":0,"parent":0,"menu_order":0,"comment_status":"closed","ping_status":"closed","template":"","meta":{"footnotes":""},"class_list":["post-7452","page","type-page","status-publish","hentry"],"_links":{"self":[{"href":"https:\/\/sma.co.ve\/ven\/wp-json\/wp\/v2\/pages\/7452","targetHints":{"allow":["GET"]}}],"collection":[{"href":"https:\/\/sma.co.ve\/ven\/wp-json\/wp\/v2\/pages"}],"about":[{"href":"https:\/\/sma.co.ve\/ven\/wp-json\/wp\/v2\/types\/page"}],"author":[{"embeddable":true,"href":"https:\/\/sma.co.ve\/ven\/wp-json\/wp\/v2\/users\/1"}],"replies":[{"embeddable":true,"href":"https:\/\/sma.co.ve\/ven\/wp-json\/wp\/v2\/comments?post=7452"}],"version-history":[{"count":6,"href":"https:\/\/sma.co.ve\/ven\/wp-json\/wp\/v2\/pages\/7452\/revisions"}],"predecessor-version":[{"id":7478,"href":"https:\/\/sma.co.ve\/ven\/wp-json\/wp\/v2\/pages\/7452\/revisions\/7478"}],"wp:attachment":[{"href":"https:\/\/sma.co.ve\/ven\/wp-json\/wp\/v2\/media?parent=7452"}],"curies":[{"name":"wp","href":"https:\/\/api.w.org\/{rel}","templated":true}]}}