{"id":7440,"date":"2019-04-24T14:54:27","date_gmt":"2019-04-24T14:54:27","guid":{"rendered":"http:\/\/sma.co.ve\/ven\/?page_id=7440"},"modified":"2020-06-04T03:01:30","modified_gmt":"2020-06-04T03:01:30","slug":"servicios-complementarios","status":"publish","type":"page","link":"https:\/\/sma.co.ve\/ven\/servicios-complementarios\/","title":{"rendered":"Servicios Complementarios"},"content":{"rendered":"<p>[et_pb_section fb_built=\u00bb1&#8243; admin_label=\u00bbsection\u00bb module_id=\u00bbsubheaderWrap\u00bb _builder_version=\u00bb3.4&#8243; background_color=\u00bb#ffffff\u00bb background_image=\u00bbhttps:\/\/sma.co.ve\/ven\/wp-content\/uploads\/2019\/04\/panama.jpg\u00bb custom_css_main_element=\u00bb.et_pb_title_container h1 {|| font-size: 26px !important;|| line-height: 1em;|| background-color: #384977;|| padding: 20px;|| color: #fff !important;||}\u00bb][et_pb_row parallax_method_1=\u00bboff\u00bb admin_label=\u00bbrow\u00bb _builder_version=\u00bb3.4&#8243; background_size=\u00bbinitial\u00bb background_position=\u00bbtop_left\u00bb background_repeat=\u00bbrepeat\u00bb][et_pb_column type=\u00bb4_4&#8243; _builder_version=\u00bb3.0.47&#8243; parallax=\u00bboff\u00bb parallax_method=\u00bboff\u00bb][et_pb_post_title meta=\u00bboff\u00bb featured_image=\u00bboff\u00bb _builder_version=\u00bb3.4&#8243; parallax=\u00bbon\u00bb use_border_color=\u00bboff\u00bb][\/et_pb_post_title][\/et_pb_column][\/et_pb_row][\/et_pb_section][et_pb_section fb_built=\u00bb1&#8243; _builder_version=\u00bb3.0.47&#8243; background_color=\u00bb#ffffff\u00bb transparent_background=\u00bboff\u00bb][et_pb_row parallax_method_1=\u00bboff\u00bb parallax_method_2=\u00bboff\u00bb parallax_method_3=\u00bboff\u00bb _builder_version=\u00bb3.0.47&#8243; background_size=\u00bbinitial\u00bb background_position=\u00bbtop_left\u00bb background_repeat=\u00bbrepeat\u00bb][et_pb_column type=\u00bb4_4&#8243; _builder_version=\u00bb3.0.47&#8243; parallax=\u00bboff\u00bb parallax_method=\u00bboff\u00bb][et_pb_text _builder_version=\u00bb3.4&#8243; background_size=\u00bbinitial\u00bb background_position=\u00bbtop_left\u00bb background_repeat=\u00bbrepeat\u00bb use_border_color=\u00bboff\u00bb]<\/p>\n<p><strong>Asesor\u00eda, constituci\u00f3n y registro de su empresa:<\/strong><\/p>\n<p style=\"text-align: justify;\">En SMA Consultores le asesoramos y realizamos todas las gestiones por usted. Nuestros consultores empresariales le guiar\u00e1n durante todo el proceso de constituci\u00f3n de su empresa, encarg\u00e1ndonos de todos los tr\u00e1mites desde la elaboraci\u00f3n de los estatutos de la empresa hasta el registro de la misma. Dentro de nuestros servicios se cuenta con:<\/p>\n<ul>\n<li>B\u00fasqueda y reserva del nombre de la empresa.<\/li>\n<li>Redacci\u00f3n del Acta de estatutos.<\/li>\n<li>Elaboraci\u00f3n de balances y certificaciones de ingreso.<\/li>\n<li>Inscripci\u00f3n de la empresa en el Registros.<\/li>\n<li>Otros.<\/li>\n<\/ul>\n<p><strong>Estudios de factibilidad\/viabilidad<\/strong><\/p>\n<p style=\"text-align: justify;\">En SMA Consultores realizamos la investigaci\u00f3n y an\u00e1lisis para permitir a nuestros clientes determinar la viabilidad de sus ideas, lanzar nuevos programas o entrar en nuevos mercados. Ejecutamos estudios de mercado de fuentes primarias y secundarias para crear un perfil de la industria y comprender a los principales actores (stakeholders, propietarios, patrocinadores y competidores). Evaluamos los requerimientos de financiamiento, as\u00ed como las fuentes probables del mismo y el retorno proyectado de la inversi\u00f3n. Igualmente se realizan revisiones regulatorias y eval\u00faa las barreras de entrada que deben superarse. Proporcionamos informes provisionales y finales y reuniones de informaci\u00f3n al liderazgo para resaltar conclusiones y recomendaciones.<\/p>\n<p style=\"text-align: justify;\">\n<p style=\"text-align: justify;\"><strong>An\u00e1lisis de las funciones organizativas de su empresa<\/strong><\/p>\n<p style=\"text-align: justify;\">Todas las organizaciones deben tener una\u00a0<strong>estructura organizacional<\/strong>\u00a0seg\u00fan las tareas o actividades que pretenda hacer, a trav\u00e9s de una adecuada estructura que le permita fijar sus funciones, y \u00e1reas con la intenci\u00f3n de producir productos o servicios mediante un correcto orden que facilite la consecuci\u00f3n de los objetivos empresariales marcados con anterioridad.<\/p>\n<p style=\"text-align: justify;\">En SMA Consultores le asesoramos en el proceso de planeaci\u00f3n y establecer con antelaci\u00f3n la realidad de la empresa\u00a0 y hacia d\u00f3nde quiere dirigirse, minimizando los riesgos y maximizando el tiempo y los recursos que se tengan disponibles, ayud\u00e1ndole a establecer\u00a0 su visi\u00f3n de futuro para proyectar, determinar y alcanzar los objetivos propuestos, mediante acciones y decisiones que le permitan llegar a ellos.<\/p>\n<p style=\"text-align: justify;\">\n<p><strong>Implementaci\u00f3n de manuales de normas y procedimientos<\/strong><\/p>\n<p style=\"text-align: justify;\">Los manuales de pol\u00edticas y procedimientos son una parte necesaria e indispensable para el \u00e9xito de los negocios, son una de las herramientas administrativas y operativas m\u00e1s eficaces para transmitir conocimientos y experiencias porque documentan la tecnolog\u00eda acumulada hasta ese momento sobre un tema y sobre los procesos estrat\u00e9gicos, de negocio y de apoyo de la organizaci\u00f3n<\/p>\n<p style=\"text-align: justify;\">En SMA Consultores hemos desarrollado metodolog\u00edas, conceptos, procedimientos y formatos para desarrollar manuales de pol\u00edticas y procedimientos de alto nivel competitivo. Nuestros servicios de capacitaci\u00f3n y consultor\u00eda ser\u00e1n de mucho beneficio personal y empresarial, pues le permitir\u00e1 tener manuales pr\u00e1cticos y efectivos realizados o actualizados en un plazo muy corto.<\/p>\n<p style=\"text-align: justify;\">\n<p><strong>Implementaci\u00f3n de Sistemas de Gesti\u00f3n de la Calidad (SGC) seg\u00fan normas internacionales ISO 9001:2015.<\/strong><\/p>\n<p style=\"text-align: justify;\">La clave para un negocio exitoso es disponer de un control de calidad robusto. Si desea que sus operaciones prosperen, su base de consumidores potenciales debe confiar en que los productos y servicios ofertados por su empresa cumplan o excedan las expectativas. La ISO 9001 es una forma r\u00e1pida y f\u00e1cil de demostrar a los consumidores que su organizaci\u00f3n pone empe\u00f1o y esfuerzo en asegurar que sus productos y servicios dan lo mejor de s\u00ed.<\/p>\n<p>Los principales beneficios de contar con un sistema de gesti\u00f3n de calidad son:<\/p>\n<ul>\n<li><strong> <\/strong><strong>Generar mayor eficiencia.<\/strong><\/li>\n<li><strong> <\/strong><strong>Estimula la moral de los empleados.<\/strong><\/li>\n<li><strong> <\/strong><strong>Ofrece reconocimiento internacional.<\/strong><\/li>\n<li><strong> <\/strong><strong>Mejora la gesti\u00f3n de procesos.<\/strong><\/li>\n<li><strong>Ofrece niveles m\u00e1s altos de satisfacci\u00f3n del cliente.<\/strong><\/li>\n<\/ul>\n<p style=\"text-align: justify;\">En SMA Consultores le proporcionamos la asesor\u00eda necesaria sobre los servicios de certificaci\u00f3n, formaci\u00f3n y apoyo para ayudarle a mejorar los procesos, el rendimiento de los productos y servicios de su empresa.<\/p>\n<p><strong><\/strong><\/p>\n<p><strong>Asesor\u00eda para Emprendedores<\/strong><\/p>\n<p style=\"text-align: justify;\">Si tiene una idea y quiere llevarla a cabo, pero se est\u00e1 preguntando\u00a0<strong>\u00bfqui\u00e9n me puede ayudar a desarrollar tu negocio? <\/strong><\/p>\n<p style=\"text-align: justify;\"><strong>En SMA Consultores<\/strong> le brindamos servicios especializados para emprendedores. Somos Asesores de Emprendedores, descubrimos en sus capacidades y potencialidades, las estrategias que le ayudar\u00e1n a implementar, complementar, mejorar, desarrollar y consolidar su emprendimiento.<\/p>\n<p style=\"text-align: justify;\">Asesoramos a emprendedores independientes, microempresarios y empresarios PYME, llevando a cabo acciones desde la idea de negocio, hasta todos los estados de la puesta en marcha del emprendimiento y enfoc\u00e1ndonos principalmente en los temas de:<\/p>\n<ul>\n<li>Innovaci\u00f3n<\/li>\n<li>Competencias emprendedoras<\/li>\n<li>Habilidades blandas<\/li>\n<li>Trabajo en equipo<\/li>\n<li>Capacidades comerciales<\/li>\n<li>Desarrollo del criterio<\/li>\n<li>Atenci\u00f3n al cliente<\/li>\n<li>Ventas de todos los tipos incluyendo e-commerce<\/li>\n<li>Liderazgo y gesti\u00f3n gerencial<\/li>\n<li>Internet y marketing digital.<\/li>\n<\/ul>\n<p>&nbsp;<\/p>\n<p><strong>Recuperaci\u00f3n de cartera morosa o cobranzas preventivas.<\/strong><\/p>\n<p style=\"text-align: justify;\">Mediante el procedimiento de cobranza, las empresas pueden hacer efectiva la recepci\u00f3n de los valores correspondientes a las deudas que sus clientes han contra\u00eddo con ellas. De su eficiencia dependen el flujo de caja positivo y la liquidez necesaria para apalancar el crecimiento y cubrir los gastos administrativos y operativos del negocio.<\/p>\n<p style=\"text-align: justify;\">En SMA Consultores ejercemos un nuevo estilo de cobranza, amable y amigable, pero formal, profesional y seguro, sin pr\u00e1cticas violentas o poco \u00e9ticas que da\u00f1en su imagen y reputaci\u00f3n ante sus clientes.<\/p>\n<p>Nuestros servicios alcanzan:<\/p>\n<ul>\n<li>Elaboraci\u00f3n y ejecuci\u00f3n de la pol\u00edtica de cobranza de su empresa.<\/li>\n<li>Localizaci\u00f3n y ubicaci\u00f3n de empresas y personas morosas.<\/li>\n<li>Tarifa preferencial en los servicios del \u00e1rea Legal.<\/li>\n<li>Cobranza preventiva.<\/li>\n<li>Cobranza extra judicial.<\/li>\n<li>Cobranza judicial.<\/li>\n<\/ul>\n<p>&nbsp;<\/p>\n<p><strong>Desarrollo de e-commerce<\/strong><\/p>\n<p style=\"text-align: justify;\">Si est\u00e1 considerando comenzar a vender sus productos\u00a0y\/o servicios online, necesitar\u00e1 una tienda de E-Commerce<strong>.<\/strong><\/p>\n<p style=\"text-align: justify;\">En SMA Consultores, formulamos para usted, el estudio requerido a su nivel de empresa adaptado a su necesidad particular, de manera que podamos desarrollarle un proyecto 100% a su medida y que cumpla con todos los objetivos comerciales que se haya planteado, d\u00e1ndole siempre un enfoque personal y privilegiado a la usabilidad y funcionalidad de su tienda virtual para as\u00ed mejorar la experiencia de compra de los futuros usuarios, todo con un dise\u00f1o exclusivo que se adapte a la personalidad de su empresa.<\/p>\n<p><strong>Sistemas inform\u00e1ticos personalizados<\/strong><\/p>\n<p style=\"text-align: justify;\">Los equipos inform\u00e1ticos y software empresarial requieren en muchas ocasiones una alta inversi\u00f3n econ\u00f3mica.<\/p>\n<p style=\"text-align: justify;\">En SMA Consultores mediante la realizaci\u00f3n de un\u00a0<strong>estudio de las necesidades inform\u00e1ticas<\/strong>\u00a0requeridas para el desarrollo del tipo de actividad de su empresa dise\u00f1amos un\u00a0<strong>sistema personalizado<\/strong>\u00a0y escalable que pueda ampliarse a medida que crece la empresa sin malgastar dinero comprando equipos innecesarios, de manera que no se malgasten recursos econ\u00f3micos por sobredimensionar la instalaci\u00f3n de los mismos, y se prevean las vulnerabilidades del sistema elaborando un plan de actuaci\u00f3n para acometer problemas de seguridad inform\u00e1tica tanto interno como externos.<\/p>\n<p style=\"text-align: justify;\">\n<p><strong>\u00a0<\/strong><\/p>\n<p><strong>Otros servicios.<\/strong><\/p>\n<p><strong><\/strong><\/p>\n<ul>\n<li><strong>Conmmunity Manager (Gestos de RRSS).<\/strong>\n<p style=\"text-align: justify;\">Las redes sociales y el marketing digital evolucionan y cambian d\u00eda a d\u00eda, por lo que bien se sabe y funciona el d\u00eda de hoy, puede que no sea tan v\u00e1lido para ma\u00f1ana. Por eso, es fundamental. La demanda de las empresas de\u00a0<strong>contratar community manager<\/strong>\u00a0o gestor de redes sociales surge de la necesidad de desarrollar su imagen en el \u00e1mbito digital debido al creciente auge de las plataformas como redes sociales y la consolidaci\u00f3n de Internet como medio de difusi\u00f3n informativa.<\/p>\n<p style=\"text-align: justify;\">El\u00a0<strong>trabajo de community manager o gestor de redes sociales\u00a0<\/strong>consiste en gestionar las comunidades virtuales mediante la estrategia de gesti\u00f3n de contenidos en\u00a0<strong>redes sociales<\/strong>\u00a0y de su posterior interactuaci\u00f3n con los usuarios. Es el profesional responsable de construir, gestionar y administrar la comunidad online alrededor de su marca en Internet.\u00a0<\/p>\n<p style=\"text-align: justify;\">\u00a0<\/p>\n<p style=\"text-align: justify;\">Si en su negocio no tienen el tiempo necesario o no cuenta con la persona adecuada y capacitada para afrontar estas funciones, en SMA Consultores ofrecemos los servicios de community manager para las empresas que lo demanden.<\/p>\n<p><strong><\/strong><\/li>\n<li><strong>Dise\u00f1o de p\u00e1ginas web<\/strong>\n<p style=\"text-align: justify;\">En el \u00e1mbito empresarial, las p\u00e1ginas web se han convertido sin duda en una potente arma de comunicaci\u00f3n y en un canal de ventas indispensable para toda empresa.<\/p>\n<p style=\"text-align: justify;\">\u00a0<\/p>\n<p style=\"text-align: justify;\">El prop\u00f3sito del dise\u00f1o web no s\u00f3lo es lograr un efecto visual agradable y armon\u00eda entre los distintos elementos que integran un sitio web, sino tambi\u00e9n alcanzar un \u00f3ptimo desempe\u00f1o en su operaci\u00f3n y el m\u00e1ximo nivel de exposici\u00f3n posible para cumplir satisfactoriamente con la funci\u00f3n de promoci\u00f3n para la que son creados los sitios.<\/p>\n<p style=\"text-align: justify;\">\u00a0<\/p>\n<p style=\"text-align: justify;\">En SMA Consultores asesoramos y llevamos a cabo su idea a la web, desarrollando una p\u00e1gina orientada al modelo de su negocio en cuanto a dise\u00f1o, maquetaci\u00f3n, l\u00ednea gr\u00e1fica y funcionalidades.<\/p>\n<p style=\"text-align: justify;\">\u00a0<\/p>\n<p style=\"text-align: justify;\">Deje que SMA Consultores haga su sitio web con dise\u00f1os innovadores basados en tendencias actuales logrando as\u00ed p\u00e1ginas atractivas, din\u00e1micas y modernas, integrado con un panel administrativo para que puedas gestionar sus contenidos, publicar noticias, subir im\u00e1genes y le ense\u00f1amos como hacerlo.<\/p>\n<\/li>\n<\/ul>\n<p>[\/et_pb_text][\/et_pb_column][\/et_pb_row][\/et_pb_section]<\/p>\n","protected":false},"excerpt":{"rendered":"<p>[et_pb_section fb_built=\u00bb1&#8243; admin_label=\u00bbsection\u00bb module_id=\u00bbsubheaderWrap\u00bb _builder_version=\u00bb3.4&#8243; background_color=\u00bb#ffffff\u00bb background_image=\u00bbhttps:\/\/sma.co.ve\/ven\/wp-content\/uploads\/2019\/04\/panama.jpg\u00bb custom_css_main_element=\u00bb.et_pb_title_container h1 {|| font-size: 26px !important;|| line-height: 1em;|| background-color: #384977;|| padding: 20px;|| color: #fff !important;||}\u00bb][et_pb_row parallax_method_1=\u00bboff\u00bb admin_label=\u00bbrow\u00bb _builder_version=\u00bb3.4&#8243; background_size=\u00bbinitial\u00bb background_position=\u00bbtop_left\u00bb background_repeat=\u00bbrepeat\u00bb][et_pb_column type=\u00bb4_4&#8243; _builder_version=\u00bb3.0.47&#8243; parallax=\u00bboff\u00bb parallax_method=\u00bboff\u00bb][et_pb_post_title meta=\u00bboff\u00bb featured_image=\u00bboff\u00bb _builder_version=\u00bb3.4&#8243; parallax=\u00bbon\u00bb use_border_color=\u00bboff\u00bb][\/et_pb_post_title][\/et_pb_column][\/et_pb_row][\/et_pb_section][et_pb_section fb_built=\u00bb1&#8243; _builder_version=\u00bb3.0.47&#8243; background_color=\u00bb#ffffff\u00bb transparent_background=\u00bboff\u00bb][et_pb_row parallax_method_1=\u00bboff\u00bb parallax_method_2=\u00bboff\u00bb parallax_method_3=\u00bboff\u00bb _builder_version=\u00bb3.0.47&#8243; background_size=\u00bbinitial\u00bb background_position=\u00bbtop_left\u00bb background_repeat=\u00bbrepeat\u00bb][et_pb_column type=\u00bb4_4&#8243; _builder_version=\u00bb3.0.47&#8243; parallax=\u00bboff\u00bb parallax_method=\u00bboff\u00bb][et_pb_text _builder_version=\u00bb3.4&#8243; background_size=\u00bbinitial\u00bb background_position=\u00bbtop_left\u00bb [&hellip;]<\/p>\n","protected":false},"author":1,"featured_media":0,"parent":0,"menu_order":0,"comment_status":"closed","ping_status":"closed","template":"","meta":{"footnotes":""},"class_list":["post-7440","page","type-page","status-publish","hentry"],"_links":{"self":[{"href":"https:\/\/sma.co.ve\/ven\/wp-json\/wp\/v2\/pages\/7440","targetHints":{"allow":["GET"]}}],"collection":[{"href":"https:\/\/sma.co.ve\/ven\/wp-json\/wp\/v2\/pages"}],"about":[{"href":"https:\/\/sma.co.ve\/ven\/wp-json\/wp\/v2\/types\/page"}],"author":[{"embeddable":true,"href":"https:\/\/sma.co.ve\/ven\/wp-json\/wp\/v2\/users\/1"}],"replies":[{"embeddable":true,"href":"https:\/\/sma.co.ve\/ven\/wp-json\/wp\/v2\/comments?post=7440"}],"version-history":[{"count":4,"href":"https:\/\/sma.co.ve\/ven\/wp-json\/wp\/v2\/pages\/7440\/revisions"}],"predecessor-version":[{"id":7588,"href":"https:\/\/sma.co.ve\/ven\/wp-json\/wp\/v2\/pages\/7440\/revisions\/7588"}],"wp:attachment":[{"href":"https:\/\/sma.co.ve\/ven\/wp-json\/wp\/v2\/media?parent=7440"}],"curies":[{"name":"wp","href":"https:\/\/api.w.org\/{rel}","templated":true}]}}