{"id":7439,"date":"2019-04-24T14:53:51","date_gmt":"2019-04-24T14:53:51","guid":{"rendered":"http:\/\/sma.co.ve\/ven\/?page_id=7439"},"modified":"2019-04-24T14:53:51","modified_gmt":"2019-04-24T14:53:51","slug":"tributacion","status":"publish","type":"page","link":"https:\/\/sma.co.ve\/ven\/tributacion\/","title":{"rendered":"Tributaci\u00f3n"},"content":{"rendered":"<p>[et_pb_section bb_built=\u00bb1&#8243; admin_label=\u00bbsection\u00bb background_image=\u00bbhttps:\/\/sma.co.ve\/ven\/wp-content\/uploads\/2019\/04\/panama.jpg\u00bb background_color=\u00bb#ffffff\u00bb parallax_method=\u00bboff\u00bb specialty=\u00bboff\u00bb module_id=\u00bbsubheaderWrap\u00bb disabled=\u00bboff\u00bb next_background_color=\u00bb#ffffff\u00bb _builder_version=\u00bb3.4&#8243; custom_css_main_element=\u00bb.et_pb_title_container h1 {|| font-size: 26px !important;|| line-height: 1em;|| background-color: #384977;|| padding: 20px;|| color: #fff !important;||}\u00bb][et_pb_row admin_label=\u00bbrow\u00bb make_fullwidth=\u00bboff\u00bb use_custom_width=\u00bboff\u00bb width_unit=\u00bbon\u00bb custom_width_px=\u00bb1080px\u00bb custom_width_percent=\u00bb80%\u00bb use_custom_gutter=\u00bboff\u00bb gutter_width=\u00bb3&#8243; allow_player_pause=\u00bboff\u00bb parallax=\u00bboff\u00bb parallax_method=\u00bboff\u00bb make_equal=\u00bboff\u00bb parallax_1=\u00bboff\u00bb parallax_method_1=\u00bboff\u00bb parallax_2=\u00bboff\u00bb parallax_method_2=\u00bbon\u00bb parallax_3=\u00bboff\u00bb parallax_method_3=\u00bbon\u00bb parallax_4=\u00bboff\u00bb parallax_method_4=\u00bbon\u00bb disabled=\u00bboff\u00bb background_position=\u00bbtop_left\u00bb background_repeat=\u00bbrepeat\u00bb background_size=\u00bbinitial\u00bb _builder_version=\u00bb3.4&#8243;][et_pb_column type=\u00bb4_4&#8243;][et_pb_post_title title=\u00bbon\u00bb meta=\u00bboff\u00bb author=\u00bbon\u00bb date=\u00bbon\u00bb date_format=\u00bbM j, Y\u00bb categories=\u00bbon\u00bb comments=\u00bbon\u00bb featured_image=\u00bboff\u00bb featured_placement=\u00bbbelow\u00bb parallax_effect=\u00bbon\u00bb parallax_method=\u00bbon\u00bb text_orientation=\u00bbleft\u00bb text_color=\u00bbdark\u00bb text_background=\u00bboff\u00bb text_bg_color=\u00bbrgba(255,255,255,0.9)\u00bb use_border_color=\u00bboff\u00bb border_color=\u00bb#ffffff\u00bb border_width=\u00bb1px\u00bb border_style=\u00bbsolid\u00bb disabled=\u00bboff\u00bb parallax=\u00bbon\u00bb \/][\/et_pb_column][\/et_pb_row][\/et_pb_section][et_pb_section bb_built=\u00bb1&#8243; transparent_background=\u00bboff\u00bb background_color=\u00bb#ffffff\u00bb allow_player_pause=\u00bboff\u00bb inner_shadow=\u00bboff\u00bb parallax=\u00bboff\u00bb parallax_method=\u00bboff\u00bb make_fullwidth=\u00bboff\u00bb use_custom_width=\u00bboff\u00bb width_unit=\u00bbon\u00bb custom_width_px=\u00bb1080px\u00bb custom_width_percent=\u00bb80%\u00bb make_equal=\u00bboff\u00bb use_custom_gutter=\u00bboff\u00bb fullwidth=\u00bboff\u00bb specialty=\u00bboff\u00bb disabled=\u00bboff\u00bb prev_background_color=\u00bb#000000&#8243;][et_pb_row make_fullwidth=\u00bboff\u00bb use_custom_width=\u00bboff\u00bb width_unit=\u00bbon\u00bb custom_width_px=\u00bb1080px\u00bb custom_width_percent=\u00bb80%\u00bb use_custom_gutter=\u00bboff\u00bb gutter_width=\u00bb3&#8243; allow_player_pause=\u00bboff\u00bb parallax=\u00bboff\u00bb parallax_method=\u00bboff\u00bb make_equal=\u00bboff\u00bb parallax_1=\u00bboff\u00bb parallax_method_1=\u00bboff\u00bb parallax_2=\u00bboff\u00bb parallax_method_2=\u00bboff\u00bb parallax_3=\u00bboff\u00bb parallax_method_3=\u00bboff\u00bb parallax_4=\u00bboff\u00bb parallax_method_4=\u00bbon\u00bb disabled=\u00bboff\u00bb background_position=\u00bbtop_left\u00bb background_repeat=\u00bbrepeat\u00bb background_size=\u00bbinitial\u00bb][et_pb_column type=\u00bb4_4&#8243;][et_pb_text use_border_color=\u00bboff\u00bb disabled=\u00bboff\u00bb background_position=\u00bbtop_left\u00bb background_repeat=\u00bbrepeat\u00bb background_size=\u00bbinitial\u00bb _builder_version=\u00bb3.4&#8243;]<\/p>\n<h3>Planificaci\u00f3n tributaria<\/h3>\n<p style=\"text-align: justify; background: white; margin: 0in 0in 11.25pt 0in;\"><span>Para SMA, la planificaci\u00f3n tributaria, representa una disciplina de alta exigencia t\u00e9cnica que conjuga una serie de capacidades y conocimientos expertos, tales como optimizaci\u00f3n de procesos, derecho tributario, comercial y civil, finanzas, econom\u00eda, etc., con el objetivo declarado de aminorar la carga tributaria, optimiz\u00e1ndola, aprovechando todos los beneficios que la ley permite. Tambi\u00e9n se le denomina Ingenier\u00eda Tributaria.<\/span><\/p>\n<p>&nbsp;<\/p>\n<h3>Asesor\u00eda integral tributaria<\/h3>\n<p style=\"text-align: justify; background: white; margin: 0in 0in 11.25pt 0in;\"><span>Siempre es posible optimizar el pago de impuestos, acogerse a reg\u00edmenes opcionales de renta o reorganizar las sociedades para no desaprovechar beneficios fiscales otorgados por la legislaci\u00f3n, son ejemplos t\u00edpicos y sencillos ampliamente aplicados en las empresas. Sin embargo, existen muchas situaciones relevantes que merecen planificarse en materia impositiva desde el cumplimiento tributario hasta alcanzar una situaci\u00f3n fiscal \u00f3ptima y es all\u00ed donde en SMA le brindamos asistencia y asesor\u00eda.\u00a0 La rentabilidad del negocio depende entre otros aspectos de c\u00f3mo la gerencia se encuentre preparada ante los siguientes puntos:<\/span><\/p>\n<ul>\n<li>Obligaciones tributarias.<\/li>\n<li>Su situaci\u00f3n fiscal.<\/li>\n<li>Actuaciones ante las facultades de verificaci\u00f3n, fiscalizaci\u00f3n y determinaci\u00f3n de la obligaci\u00f3n por parte de la Administraci\u00f3n Tributaria.<\/li>\n<li>Deberes formales.<\/li>\n<li>Recuperaci\u00f3n de tributos.<\/li>\n<li>Revisi\u00f3n de los actos de la administraci\u00f3n tributaria y Recursos administrativos.<\/li>\n<li>Consultas a nivel experto ante Recursos &#8211; Tributario y Arbitraje Tributario.<\/li>\n<\/ul>\n<p>&nbsp;<\/p>\n<h3>Precios de Transferencia y Acuerdos Anticipados<\/h3>\n<ul>\n<li>Asistencia en la preparaci\u00f3n de Declaraci\u00f3n Informativa de Operaciones entre Partes Vinculadas en el Extranjero (Formulario 930).<\/li>\n<li>Preparaci\u00f3n de la documentaci\u00f3n contempor\u00e1nea de las operaciones efectuadas entre partes vinculadas.<\/li>\n<li>Revisi\u00f3n de los actos de la administraci\u00f3n tributaria y Recursos administrativos.<\/li>\n<li>Elaboraci\u00f3n del estudio y an\u00e1lisis de la informaci\u00f3n pertinente a la suscripci\u00f3n de Acuerdos Anticipados de Precios (APA\u2019s).<\/li>\n<li>Asistencia en el cumplimiento del Plan de acci\u00f3n contra la erosi\u00f3n de la base imponible y el traslado de beneficios (Plan de Acci\u00f3n BEPS)<\/li>\n<\/ul>\n<p>&nbsp;<\/p>\n<h3>Outsourcing Fiscal<\/h3>\n<p style=\"text-align: justify; background: white; margin: 0in 0in 11.25pt 0in;\"><span>La subcontrataci\u00f3n o tercerizaci\u00f3n de servicios es el proceso econ\u00f3mico en el cual una empresa mueve o destina los recursos orientados a cumplir ciertas tareas hacia una empresa externa por medio de un contrato, es por ello que en SMA ofrecemos soluciones rentables y exitosas, con un alto componente de calidad, siempre apoyados en el mejor equipo humano, tecnolog\u00eda de punta, la innovaci\u00f3n y manejo eficiente de los recursos financieros, lo que garantiza la viabilidad de nuestras soluciones a trav\u00e9s del tiempo. En adici\u00f3n a los servicios de outsourcing fiscal ofrecidos tenemos:<\/span><\/p>\n<ul>\n<li>Dise\u00f1o y elaboraci\u00f3n de reportes fiscales mensuales en l\u00ednea con los reportes de contabilidad<\/li>\n<li>Cursos o seminarios de actualizaci\u00f3n tributaria in-company<\/li>\n<li>Consultas recurrentes (servicio que le permite hacer sus consultas sobre transacciones o situaciones fiscales sobre los que su empresa est\u00e9 o pueda estar sujeta como consecuencia de una transacci\u00f3n puntual y\/o cambios en la normativa fiscal vigente\/contable).<\/li>\n<\/ul>\n<p>[\/et_pb_text][\/et_pb_column][\/et_pb_row][\/et_pb_section]<\/p>\n","protected":false},"excerpt":{"rendered":"<p>[et_pb_section bb_built=\u00bb1&#8243; admin_label=\u00bbsection\u00bb background_image=\u00bbhttps:\/\/sma.co.ve\/ven\/wp-content\/uploads\/2019\/04\/panama.jpg\u00bb background_color=\u00bb#ffffff\u00bb parallax_method=\u00bboff\u00bb specialty=\u00bboff\u00bb module_id=\u00bbsubheaderWrap\u00bb disabled=\u00bboff\u00bb next_background_color=\u00bb#ffffff\u00bb _builder_version=\u00bb3.4&#8243; custom_css_main_element=\u00bb.et_pb_title_container h1 {|| font-size: 26px !important;|| line-height: 1em;|| background-color: #384977;|| padding: 20px;|| color: #fff !important;||}\u00bb][et_pb_row admin_label=\u00bbrow\u00bb make_fullwidth=\u00bboff\u00bb use_custom_width=\u00bboff\u00bb width_unit=\u00bbon\u00bb custom_width_px=\u00bb1080px\u00bb custom_width_percent=\u00bb80%\u00bb use_custom_gutter=\u00bboff\u00bb gutter_width=\u00bb3&#8243; allow_player_pause=\u00bboff\u00bb parallax=\u00bboff\u00bb parallax_method=\u00bboff\u00bb make_equal=\u00bboff\u00bb parallax_1=\u00bboff\u00bb parallax_method_1=\u00bboff\u00bb parallax_2=\u00bboff\u00bb parallax_method_2=\u00bbon\u00bb parallax_3=\u00bboff\u00bb parallax_method_3=\u00bbon\u00bb parallax_4=\u00bboff\u00bb parallax_method_4=\u00bbon\u00bb disabled=\u00bboff\u00bb background_position=\u00bbtop_left\u00bb background_repeat=\u00bbrepeat\u00bb background_size=\u00bbinitial\u00bb _builder_version=\u00bb3.4&#8243;][et_pb_column type=\u00bb4_4&#8243;][et_pb_post_title title=\u00bbon\u00bb meta=\u00bboff\u00bb author=\u00bbon\u00bb [&hellip;]<\/p>\n","protected":false},"author":1,"featured_media":0,"parent":0,"menu_order":0,"comment_status":"closed","ping_status":"closed","template":"","meta":{"footnotes":""},"class_list":["post-7439","page","type-page","status-publish","hentry"],"_links":{"self":[{"href":"https:\/\/sma.co.ve\/ven\/wp-json\/wp\/v2\/pages\/7439","targetHints":{"allow":["GET"]}}],"collection":[{"href":"https:\/\/sma.co.ve\/ven\/wp-json\/wp\/v2\/pages"}],"about":[{"href":"https:\/\/sma.co.ve\/ven\/wp-json\/wp\/v2\/types\/page"}],"author":[{"embeddable":true,"href":"https:\/\/sma.co.ve\/ven\/wp-json\/wp\/v2\/users\/1"}],"replies":[{"embeddable":true,"href":"https:\/\/sma.co.ve\/ven\/wp-json\/wp\/v2\/comments?post=7439"}],"version-history":[{"count":1,"href":"https:\/\/sma.co.ve\/ven\/wp-json\/wp\/v2\/pages\/7439\/revisions"}],"predecessor-version":[{"id":7441,"href":"https:\/\/sma.co.ve\/ven\/wp-json\/wp\/v2\/pages\/7439\/revisions\/7441"}],"wp:attachment":[{"href":"https:\/\/sma.co.ve\/ven\/wp-json\/wp\/v2\/media?parent=7439"}],"curies":[{"name":"wp","href":"https:\/\/api.w.org\/{rel}","templated":true}]}}