{"id":6962,"date":"2018-09-17T19:29:05","date_gmt":"2018-09-17T19:29:05","guid":{"rendered":"http:\/\/sma.co.ve\/ven\/?page_id=6962"},"modified":"2022-08-29T19:42:12","modified_gmt":"2022-08-29T19:42:12","slug":"lic-ramses-d-malave-t","status":"publish","type":"page","link":"https:\/\/sma.co.ve\/ven\/lic-ramses-d-malave-t\/","title":{"rendered":"Lic. R\u00e1mses D. Malav\u00e9 T."},"content":{"rendered":"<p>[et_pb_section fb_built=\u00bb1&#8243; disabled_on=\u00bbon|on|on\u00bb admin_label=\u00bbsection\u00bb module_id=\u00bbsubheaderWrap\u00bb _builder_version=\u00bb3.4&#8243; background_color=\u00bb#ffffff\u00bb background_image=\u00bbhttps:\/\/sma.co.ve\/ven\/wp-content\/uploads\/2018\/09\/Background.jpg\u00bb custom_css_main_element=\u00bb.et_pb_title_container h1 {|| font-size: 26px !important;|| line-height: 1em;|| background-color: #384977;|| padding: 20px;|| color: #fff !important;||}\u00bb][et_pb_row parallax_method_1=\u00bboff\u00bb admin_label=\u00bbrow\u00bb _builder_version=\u00bb3.4&#8243; background_size=\u00bbinitial\u00bb background_position=\u00bbtop_left\u00bb background_repeat=\u00bbrepeat\u00bb][et_pb_column type=\u00bb4_4&#8243; _builder_version=\u00bb3.0.47&#8243; parallax=\u00bboff\u00bb parallax_method=\u00bboff\u00bb][et_pb_post_title meta=\u00bboff\u00bb featured_image=\u00bboff\u00bb _builder_version=\u00bb3.0.47&#8243; parallax=\u00bbon\u00bb parallax_method=\u00bboff\u00bb use_border_color=\u00bboff\u00bb border_color=\u00bb#ffffff\u00bb border_width=\u00bb1px\u00bb border_style=\u00bbsolid\u00bb parallax_effect=\u00bbon\u00bb][\/et_pb_post_title][\/et_pb_column][\/et_pb_row][\/et_pb_section][et_pb_section fb_built=\u00bb1&#8243; disabled_on=\u00bbon|on|on\u00bb _builder_version=\u00bb3.4&#8243; background_color=\u00bb#ffffff\u00bb transparent_background=\u00bboff\u00bb][et_pb_row parallax_method_1=\u00bboff\u00bb parallax_method_2=\u00bboff\u00bb parallax_method_3=\u00bboff\u00bb _builder_version=\u00bb3.0.47&#8243; background_size=\u00bbinitial\u00bb background_position=\u00bbtop_left\u00bb background_repeat=\u00bbrepeat\u00bb][et_pb_column type=\u00bb1_3&#8243; _builder_version=\u00bb3.0.47&#8243; parallax=\u00bboff\u00bb parallax_method=\u00bboff\u00bb][et_pb_text module_class=\u00bbassociateinfoWrap\u00bb _builder_version=\u00bb3.4&#8243; background_size=\u00bbinitial\u00bb background_position=\u00bbtop_left\u00bb background_repeat=\u00bbrepeat\u00bb use_border_color=\u00bboff\u00bb]<\/p>\n<p><img loading=\"lazy\" decoding=\"async\" class=\"wp-image-593 size-medium alignleft\" style=\"margin-bottom: 20px; border-radius: 25px; border: 3px solid #EC7E32;\" src=\"https:\/\/sma.co.ve\/ven\/wp-content\/uploads\/2018\/09\/team-4.jpg\" alt=\"\" width=\"300\" height=\"300\" \/><\/p>\n<p>[\/et_pb_text][et_pb_text module_class=\u00bbassociateinfoWrap\u00bb _builder_version=\u00bb3.4&#8243; background_size=\u00bbinitial\u00bb background_position=\u00bbtop_left\u00bb background_repeat=\u00bbrepeat\u00bb use_border_color=\u00bboff\u00bb]<\/p>\n<p><span style=\"color: #333333;\">SMA Consultores<\/span><br \/>\n<span style=\"color: #333333;\"> Tel () &#8211;<\/span><br \/>\n<span style=\"color: #333333;\"> Fax () &#8211;<\/span><br \/>\n<span style=\"color: #333333;\"> @sma.co.ve <\/span><\/p>\n<p><strong>Funci\u00f3n y especialidad<\/strong><\/p>\n<p><span style=\"color: #333333;\">texto<\/span><\/p>\n<p><strong>Educacion y Cerificaciones<\/strong><\/p>\n<ul>\n<li><span style=\"color: #333333;\"><\/span><\/li>\n<li><span style=\"color: #333333;\"><\/span><\/li>\n<li><span style=\"color: #333333;\"><\/span><\/li>\n<li><span style=\"color: #333333;\"><\/span><\/li>\n<li><span style=\"color: #333333;\"><\/span><\/li>\n<li><span style=\"color: #333333;\"><\/span><\/li>\n<\/ul>\n<p>[\/et_pb_text][\/et_pb_column][et_pb_column type=\u00bb2_3&#8243; _builder_version=\u00bb3.0.47&#8243; parallax=\u00bboff\u00bb parallax_method=\u00bboff\u00bb][et_pb_text _builder_version=\u00bb3.4&#8243; background_size=\u00bbinitial\u00bb background_position=\u00bbtop_left\u00bb background_repeat=\u00bbrepeat\u00bb use_border_color=\u00bboff\u00bb]<\/p>\n<p class=\"p1\" style=\"text-align: justify;\"><span class=\"s1\" style=\"color: #333333;\"><b>Experiencia Profesional <\/b><\/span><\/p>\n<p style=\"text-align: justify;\">Contador P\u00fablico Colegiado, egresado de la Universidad Santa Mar\u00eda con un Programa de Gerencia del Negocio de los Hidrocarburos en el IESA, y pasant\u00edas en el \u00e1rea de precios de transferencia en el Servicio de Administraci\u00f3n Tributaria (SAT) de M\u00e9xico.<\/p>\n<p style=\"text-align: justify;\">Miembro fundador de la Divisi\u00f3n de Precios de Transferencia y Acuerdos Anticipados del Servicio Nacional Integrado de Administraci\u00f3n Aduanera y Tributaria (SENIAT), y corredactor del marco legal en el cap\u00edtulo de Fiscalidad Internacional en la Ley de Impuesto sobre la Renta y de los formularios destinados por la administraci\u00f3n tributaria para la elaboraci\u00f3n de la declaraci\u00f3n informativa de operaciones entre partes vinculadas en el extranjero (forma PT-99). Fue funcionario adscrito por m\u00e1s de 10 a\u00f1os al Servicio Nacional Integrado de Administraci\u00f3n Aduanera y Tributaria (SENIAT) desempe\u00f1\u00e1ndose hasta el a\u00f1o 2008 como Jefe de la Divisi\u00f3n de Fiscalizaci\u00f3n de la Regi\u00f3n Capital, especializ\u00e1ndose desde el a\u00f1o 2002 en el \u00e1rea de Precios de Transferencia y Acuerdos Anticipados..<\/p>\n<p style=\"text-align: justify;\">Durante su permanencia en el SENIAT capacit\u00f3 cerca de 300 funcionarios en la legislaci\u00f3n comparada en materia de precios de transferencia con pa\u00edses como Argentina, M\u00e9xico, Colombia y Espa\u00f1a. Ha representado a Venezuela como ponente ante la International Fiscal Association (IFA) y el Centro Interamericano de Administraciones Tributarias (CIAT). Se ha desempe\u00f1ado como profesor universitario por m\u00e1s de 5 a\u00f1os en las c\u00e1tedras de Sistema Tributario y Contabilidad Financiera en la Universidad Santa Mar\u00eda.<\/p>\n<p>[\/et_pb_text][\/et_pb_column][\/et_pb_row][\/et_pb_section][et_pb_section fb_built=\u00bb1&#8243; admin_label=\u00bbsection\u00bb module_id=\u00bbsubheaderWrap\u00bb _builder_version=\u00bb3.4&#8243; background_color=\u00bb#ffffff\u00bb background_image=\u00bbhttps:\/\/sma.co.ve\/ven\/wp-content\/uploads\/2019\/04\/panama.jpg\u00bb custom_css_main_element=\u00bb.et_pb_title_container h1 {|| font-size: 26px !important;|| line-height: 1em;|| background-color: #384977;|| padding: 20px;|| color: #fff !important;||}\u00bb][et_pb_row parallax_method_1=\u00bboff\u00bb admin_label=\u00bbrow\u00bb _builder_version=\u00bb3.4&#8243; background_size=\u00bbinitial\u00bb background_position=\u00bbtop_left\u00bb background_repeat=\u00bbrepeat\u00bb][et_pb_column type=\u00bb4_4&#8243; _builder_version=\u00bb3.0.47&#8243; parallax=\u00bboff\u00bb parallax_method=\u00bboff\u00bb][et_pb_post_title meta=\u00bboff\u00bb featured_image=\u00bboff\u00bb _builder_version=\u00bb3.0.47&#8243; parallax=\u00bbon\u00bb parallax_method=\u00bboff\u00bb use_border_color=\u00bboff\u00bb border_color=\u00bb#ffffff\u00bb border_width=\u00bb1px\u00bb border_style=\u00bbsolid\u00bb parallax_effect=\u00bbon\u00bb][\/et_pb_post_title][\/et_pb_column][\/et_pb_row][\/et_pb_section][et_pb_section fb_built=\u00bb1&#8243; _builder_version=\u00bb3.0.47&#8243; background_color=\u00bb#ffffff\u00bb transparent_background=\u00bboff\u00bb][et_pb_row parallax_method_1=\u00bboff\u00bb parallax_method_2=\u00bboff\u00bb parallax_method_3=\u00bboff\u00bb _builder_version=\u00bb3.0.47&#8243; background_size=\u00bbinitial\u00bb background_position=\u00bbtop_left\u00bb background_repeat=\u00bbrepeat\u00bb][et_pb_column type=\u00bb1_3&#8243; _builder_version=\u00bb3.0.47&#8243; parallax=\u00bboff\u00bb parallax_method=\u00bboff\u00bb][et_pb_text module_class=\u00bbassociateinfoWrap\u00bb _builder_version=\u00bb3.4&#8243; background_size=\u00bbinitial\u00bb background_position=\u00bbtop_left\u00bb background_repeat=\u00bbrepeat\u00bb use_border_color=\u00bboff\u00bb]<\/p>\n<p><img loading=\"lazy\" decoding=\"async\" class=\"wp-image-593 size-medium alignleft\" style=\"margin-bottom: 20px; border-radius: 25px; border: 3px solid #EC7E32;\" src=\"https:\/\/sma.co.ve\/ven\/wp-content\/uploads\/2019\/04\/IMG-20181029-WA0018.jpg\" alt=\"\" width=\"300\" height=\"300\" \/><\/p>\n<p>[\/et_pb_text][et_pb_text module_class=\u00bbassociateinfoWrap\u00bb _builder_version=\u00bb3.4&#8243; text_font_size=\u00bb19px\u00bb background_size=\u00bbinitial\u00bb background_position=\u00bbtop_left\u00bb background_repeat=\u00bbrepeat\u00bb use_border_color=\u00bboff\u00bb]<\/p>\n<p><span style=\"color: #333333;\">SMA Consultores<\/span><\/p>\n<p><span style=\"color: #333333;\"> Tel\u00e9fonos<\/span><\/p>\n<ul>\n<li>+58(212)761.56.96<\/li>\n<\/ul>\n<p><a href=\"mailto:ramses.malave@smalatam.com\"><strong>ramses.malave@smalatam.com<\/strong><\/a><\/p>\n<p><strong>Funci\u00f3n y especialidad<\/strong><\/p>\n<ul>\n<li><span color=\"#333333\">L\u00edder en\u00a0<\/span>Impuestos y Precios de transferencia.<\/li>\n<\/ul>\n<p>[\/et_pb_text][\/et_pb_column][et_pb_column type=\u00bb2_3&#8243; _builder_version=\u00bb3.0.47&#8243; parallax=\u00bboff\u00bb parallax_method=\u00bboff\u00bb][et_pb_text _builder_version=\u00bb3.4&#8243; text_font=\u00bbOpen Sans Condensed||||||||\u00bb text_font_size=\u00bb23px\u00bb background_size=\u00bbinitial\u00bb background_position=\u00bbtop_left\u00bb background_repeat=\u00bbrepeat\u00bb use_border_color=\u00bboff\u00bb]<\/p>\n<p class=\"p1\" style=\"text-align: justify;\"><span class=\"s1\" style=\"color: #333333;\"><b>Experiencia Profesional <\/b><\/span><\/p>\n<p style=\"text-align: justify;\">Licenciado en Contadur\u00eda P\u00fablica colegiado en el Estado Miranda, egresado de la Universidad Santa Mar\u00eda (1994) con un Programa de Gerencia del Negocio de los Hidrocarburos en el IESA, y pasant\u00edas en el \u00e1rea de precios de transferencia en el Servicio de Administraci\u00f3n Tributaria (SAT) de M\u00e9xico. Rams\u00e9s estuvo entre los fundadores de la Divisi\u00f3n de Precios de Transferencia y Acuerdos Anticipados del Servicio Nacional Integrado de Administraci\u00f3n Aduanera y Tributaria (SENIAT), y fue co-redactor del marco legal en el cap\u00edtulo de Fiscalidad Internacional en la Ley de Impuesto sobre la Renta y de los formularios destinados por la administraci\u00f3n tributaria para la elaboraci\u00f3n de la declaraci\u00f3n informativa de operaciones entre partes vinculadas en el extranjero (forma PT-99).<\/p>\n<p style=\"text-align: justify;\">Rams\u00e9s fue funcionario adscrito por m\u00e1s de 10 a\u00f1os al Servicio Nacional Integrado de Administraci\u00f3n Aduanera y Tributaria (SENIAT) participando como ponente en conferencias de fiscalidad internacional en el CIAT Buenos Aires, Argentina; OCDE Par\u00eds, Francia y la IFA Kyoto, Jap\u00f3n.<\/p>\n<p>[\/et_pb_text][\/et_pb_column][\/et_pb_row][\/et_pb_section]<\/p>\n","protected":false},"excerpt":{"rendered":"<p>[et_pb_section fb_built=\u00bb1&#8243; disabled_on=\u00bbon|on|on\u00bb admin_label=\u00bbsection\u00bb module_id=\u00bbsubheaderWrap\u00bb _builder_version=\u00bb3.4&#8243; background_color=\u00bb#ffffff\u00bb background_image=\u00bbhttps:\/\/sma.co.ve\/ven\/wp-content\/uploads\/2018\/09\/Background.jpg\u00bb custom_css_main_element=\u00bb.et_pb_title_container h1 {|| font-size: 26px !important;|| line-height: 1em;|| background-color: #384977;|| padding: 20px;|| color: #fff !important;||}\u00bb][et_pb_row parallax_method_1=\u00bboff\u00bb admin_label=\u00bbrow\u00bb _builder_version=\u00bb3.4&#8243; background_size=\u00bbinitial\u00bb background_position=\u00bbtop_left\u00bb background_repeat=\u00bbrepeat\u00bb][et_pb_column type=\u00bb4_4&#8243; _builder_version=\u00bb3.0.47&#8243; parallax=\u00bboff\u00bb parallax_method=\u00bboff\u00bb][et_pb_post_title meta=\u00bboff\u00bb featured_image=\u00bboff\u00bb _builder_version=\u00bb3.0.47&#8243; parallax=\u00bbon\u00bb parallax_method=\u00bboff\u00bb use_border_color=\u00bboff\u00bb border_color=\u00bb#ffffff\u00bb border_width=\u00bb1px\u00bb border_style=\u00bbsolid\u00bb parallax_effect=\u00bbon\u00bb][\/et_pb_post_title][\/et_pb_column][\/et_pb_row][\/et_pb_section][et_pb_section fb_built=\u00bb1&#8243; disabled_on=\u00bbon|on|on\u00bb _builder_version=\u00bb3.4&#8243; background_color=\u00bb#ffffff\u00bb transparent_background=\u00bboff\u00bb][et_pb_row parallax_method_1=\u00bboff\u00bb parallax_method_2=\u00bboff\u00bb parallax_method_3=\u00bboff\u00bb _builder_version=\u00bb3.0.47&#8243; background_size=\u00bbinitial\u00bb background_position=\u00bbtop_left\u00bb background_repeat=\u00bbrepeat\u00bb][et_pb_column [&hellip;]<\/p>\n","protected":false},"author":1,"featured_media":0,"parent":0,"menu_order":0,"comment_status":"closed","ping_status":"closed","template":"","meta":{"footnotes":""},"class_list":["post-6962","page","type-page","status-publish","hentry"],"_links":{"self":[{"href":"https:\/\/sma.co.ve\/ven\/wp-json\/wp\/v2\/pages\/6962","targetHints":{"allow":["GET"]}}],"collection":[{"href":"https:\/\/sma.co.ve\/ven\/wp-json\/wp\/v2\/pages"}],"about":[{"href":"https:\/\/sma.co.ve\/ven\/wp-json\/wp\/v2\/types\/page"}],"author":[{"embeddable":true,"href":"https:\/\/sma.co.ve\/ven\/wp-json\/wp\/v2\/users\/1"}],"replies":[{"embeddable":true,"href":"https:\/\/sma.co.ve\/ven\/wp-json\/wp\/v2\/comments?post=6962"}],"version-history":[{"count":6,"href":"https:\/\/sma.co.ve\/ven\/wp-json\/wp\/v2\/pages\/6962\/revisions"}],"predecessor-version":[{"id":7700,"href":"https:\/\/sma.co.ve\/ven\/wp-json\/wp\/v2\/pages\/6962\/revisions\/7700"}],"wp:attachment":[{"href":"https:\/\/sma.co.ve\/ven\/wp-json\/wp\/v2\/media?parent=6962"}],"curies":[{"name":"wp","href":"https:\/\/api.w.org\/{rel}","templated":true}]}}